{"id":76,"date":"2018-06-11T07:58:03","date_gmt":"2018-06-11T07:58:03","guid":{"rendered":"http:\/\/hp.ing-beyer.com\/?page_id=76"},"modified":"2018-06-12T09:40:59","modified_gmt":"2018-06-12T09:40:59","slug":"unternehmen","status":"publish","type":"page","link":"https:\/\/www.ing-beyer.com\/?page_id=76","title":{"rendered":"Unternehmen"},"content":{"rendered":"<p><span class=\"Stil27\">Das Ingenieurb\u00fcro Beyer wurde im Jahr 1976 in Siegen-Eiserfeld mit 3 Mitarbeitern gegr\u00fcndet. In den folgenden Jahren sind zahlreiche Projekte, vorwiegend f\u00fcr \u00f6ffentliche Auftraggeber, bearbeitet worden. Zu den st\u00e4rksten Auftraggebern z\u00e4hlten neben den angrenzenden Kommunen, das Landesstra\u00dfen- bzw. Westf\u00e4lische Stra\u00dfenbauamt.<\/span><\/p>\n<p><span class=\"Stil27\">Seit dem Jahr 1981 hat das Ingenieurb\u00fcro Beyer\u00a0 mit der Ausbildung von Fachkr\u00e4ften im Bereich des Bauzeichners begonnen und bis heute \u00fcber 30 erfolgreiche Absolventen, teils zur Verst\u00e4rkung des eigenen Teams, hervorgebracht.<\/span><\/p>\n<p><span class=\"Stil27\">Im Jahre 2001, mit nun mehr 6 Mitarbeitern, ist das Ingenieurb\u00fcro Beyer zur Vergr\u00f6\u00dferung und Optimierung der B\u00fcrofl\u00e4chen in die Gemeinde Wenden, Kreis Olpe, gezogen. Hier stehen\u00a0 fortan gen\u00fcgend R\u00e4umlichkeiten und die technischen Vorraussetzungen auch zur Durchf\u00fchrung gr\u00f6\u00dferer Besprechungen zur Verf\u00fcgung.<br \/>\nMit dem Umzug und der weiteren Strukturierung des Unternehmens konnten auch neue Auftraggeber im Bereich der Industrie, des Gewerbes und Generalplaner gewonnen werden.<\/span><\/p>\n<p><span class=\"Stil27\">2007 wurde das Ingenieurb\u00fcro Beyer in die Ingenieurb\u00fcro Beyer GmbH umfirmiert und wurde ab diesem Zeitpunkt unter der Gesch\u00e4ftsf\u00fchrung von Herrn Beyer senior und Herrn Beyer junior gef\u00fchrt.<\/span><\/p>\n<p><span class=\"Stil27\">Im Jahre 2010 trat der langj\u00e4hrige Mitarbeiter, Herr Henning Gr\u00fcne, hauptverantwortlich f\u00fcr Kanal- und Wasserbauplanungen, dem Unternehmen als 3. Gesch\u00e4ftsf\u00fchrer bei.<\/span><\/p>\n<p><span class=\"Stil27\">Mit dem Ende des Jahres 2011 schied Herr Beyer senior aus dem Unternehmen in den verdienten Ruhestand aus. Seit dem f\u00fchren, als Gesch\u00e4ftsf\u00fchrer und gleichberechtigte Gesellschafter, Herr Elmar Beyer und Herr Henning Gr\u00fcne die Geschicke der Ingenieurb\u00fcro Beyer GmbH.<\/span><\/p>\n<p><span class=\"Stil27\">Durch st\u00e4ndige Fort- und Ausbildung steht ihnen nunmehr ein kompetentes und junges Team, von Ingenieuren und Zeichnern sowie einer eigenen Vermessungsabteilung, mit insgesamt 9 Mitarbeitern zur Verf\u00fcgung.<\/span><\/p>\n","protected":false},"excerpt":{"rendered":"<p>Das Ingenieurb\u00fcro Beyer wurde im Jahr 1976 in Siegen-Eiserfeld mit 3 Mitarbeitern gegr\u00fcndet. In den folgenden Jahren sind zahlreiche Projekte, vorwiegend f\u00fcr \u00f6ffentliche Auftraggeber, bearbeitet worden. Zu den st\u00e4rksten Auftraggebern z\u00e4hlten neben den angrenzenden Kommunen, das Landesstra\u00dfen- bzw. Westf\u00e4lische Stra\u00dfenbauamt. Seit dem Jahr 1981 hat das Ingenieurb\u00fcro Beyer\u00a0 mit der Ausbildung von Fachkr\u00e4ften im Bereich [&hellip;]<\/p>\n","protected":false},"author":1,"featured_media":0,"parent":0,"menu_order":2,"comment_status":"closed","ping_status":"closed","template":"","meta":[],"_links":{"self":[{"href":"https:\/\/www.ing-beyer.com\/index.php?rest_route=\/wp\/v2\/pages\/76"}],"collection":[{"href":"https:\/\/www.ing-beyer.com\/index.php?rest_route=\/wp\/v2\/pages"}],"about":[{"href":"https:\/\/www.ing-beyer.com\/index.php?rest_route=\/wp\/v2\/types\/page"}],"author":[{"embeddable":true,"href":"https:\/\/www.ing-beyer.com\/index.php?rest_route=\/wp\/v2\/users\/1"}],"replies":[{"embeddable":true,"href":"https:\/\/www.ing-beyer.com\/index.php?rest_route=%2Fwp%2Fv2%2Fcomments&post=76"}],"version-history":[{"count":5,"href":"https:\/\/www.ing-beyer.com\/index.php?rest_route=\/wp\/v2\/pages\/76\/revisions"}],"predecessor-version":[{"id":107,"href":"https:\/\/www.ing-beyer.com\/index.php?rest_route=\/wp\/v2\/pages\/76\/revisions\/107"}],"wp:attachment":[{"href":"https:\/\/www.ing-beyer.com\/index.php?rest_route=%2Fwp%2Fv2%2Fmedia&parent=76"}],"curies":[{"name":"wp","href":"https:\/\/api.w.org\/{rel}","templated":true}]}}