{"id":87,"date":"2018-06-11T14:00:10","date_gmt":"2018-06-11T14:00:10","guid":{"rendered":"http:\/\/hp.ing-beyer.com\/?page_id=87"},"modified":"2019-06-06T09:35:59","modified_gmt":"2019-06-06T09:35:59","slug":"impressum","status":"publish","type":"page","link":"https:\/\/www.ing-beyer.com\/?page_id=87","title":{"rendered":"Impressum"},"content":{"rendered":"<p><strong>Verantwortlich f\u00fcr den Inhalt<\/strong><\/p>\n<p>Koblenzer Stra\u00dfe 42<br \/>\n57482 Wenden<\/p>\n<p>Telefon: (02762) 400 604<br \/>\nTelefax: (02762) 400 602<\/p>\n<p>eMail: <a href=\"mailto:info@ing-beyer.com\">info@ing-beyer.com<\/a><\/p>\n<p><strong>Gesch\u00e4ftsf\u00fchrer<\/strong><\/p>\n<p>Elmar Falk Beyer<br \/>\nHenning Gr\u00fcne<\/p>\n<p><strong>Angaben nach TDG<\/strong><\/p>\n<p>Eingetragen im Handelsregister des Amtsgerichts Siegen am 09.07.2007<br \/>\nRegisternummer: HRB 8356<br \/>\nSteuernummer: 338\/5856\/3531<\/p>\n<p><strong>Inhalte der Homepage<\/strong><\/p>\n<p>Die vorliegenden Informationen wurden unter gr\u00f6\u00dfter Sorgfalt zusammengestellt. Dennoch \u00fcbernehmen wir keine Haftung f\u00fcr evtl. falsche bzw. falsch wiedergegebene oder unvollst\u00e4ndige Informationen (einschlie\u00dflich Haftung gegen\u00fcber Dritten). Der gesamte Inhalt dieser Webseite ist urheberrechtlich gesch\u00fctzt. Alle Rechte sind vorbehalten.<\/p>\n<p><strong>Verf\u00fcgbarkeit und \u00c4nderungsvorbehalt<\/strong><\/p>\n<p>Wir behalten uns das Recht vor, die Inhalte dieser Webseite jederzeit und ohne Vorank\u00fcndigung zu \u00e4ndern oder die Webseite ggf. komplett einzustellen. Wartungsbedingte oder servertechnische Ausfallzeiten k\u00f6nnen nicht ausgeschlossen werden.<\/p>\n","protected":false},"excerpt":{"rendered":"<p>Verantwortlich f\u00fcr den Inhalt Koblenzer Stra\u00dfe 42 57482 Wenden Telefon: (02762) 400 604 Telefax: (02762) 400 602 eMail: info@ing-beyer.com Gesch\u00e4ftsf\u00fchrer Elmar Falk Beyer Henning Gr\u00fcne Angaben nach TDG Eingetragen im Handelsregister des Amtsgerichts Siegen am 09.07.2007 Registernummer: HRB 8356 Steuernummer: 338\/5856\/3531 Inhalte der Homepage Die vorliegenden Informationen wurden unter gr\u00f6\u00dfter Sorgfalt zusammengestellt. Dennoch \u00fcbernehmen wir [&hellip;]<\/p>\n","protected":false},"author":1,"featured_media":0,"parent":0,"menu_order":6,"comment_status":"closed","ping_status":"closed","template":"","meta":[],"_links":{"self":[{"href":"https:\/\/www.ing-beyer.com\/index.php?rest_route=\/wp\/v2\/pages\/87"}],"collection":[{"href":"https:\/\/www.ing-beyer.com\/index.php?rest_route=\/wp\/v2\/pages"}],"about":[{"href":"https:\/\/www.ing-beyer.com\/index.php?rest_route=\/wp\/v2\/types\/page"}],"author":[{"embeddable":true,"href":"https:\/\/www.ing-beyer.com\/index.php?rest_route=\/wp\/v2\/users\/1"}],"replies":[{"embeddable":true,"href":"https:\/\/www.ing-beyer.com\/index.php?rest_route=%2Fwp%2Fv2%2Fcomments&post=87"}],"version-history":[{"count":5,"href":"https:\/\/www.ing-beyer.com\/index.php?rest_route=\/wp\/v2\/pages\/87\/revisions"}],"predecessor-version":[{"id":207,"href":"https:\/\/www.ing-beyer.com\/index.php?rest_route=\/wp\/v2\/pages\/87\/revisions\/207"}],"wp:attachment":[{"href":"https:\/\/www.ing-beyer.com\/index.php?rest_route=%2Fwp%2Fv2%2Fmedia&parent=87"}],"curies":[{"name":"wp","href":"https:\/\/api.w.org\/{rel}","templated":true}]}}